{"id":18,"date":"2018-02-22T15:50:28","date_gmt":"2018-02-22T14:50:28","guid":{"rendered":"http:\/\/robotgreen_ch.test\/?page_id=18"},"modified":"2026-03-25T08:58:18","modified_gmt":"2026-03-25T07:58:18","slug":"accueil","status":"publish","type":"page","link":"https:\/\/robotgreen.ch\/de_DE\/","title":{"rendered":"Accueil"},"content":{"rendered":"<h1>RobotGreen ist ein Unternehmen, das auf Gartenmaschinen der neuen Generation spezialisiert ist.<\/h1>\n<p>Die \u00fcber 10-j\u00e4hrige Erfahrung von Gr\u00fcnder Pascal Rey im Bereich der Gartenmaschinen f\u00fchrte 2008 zur Gr\u00fcndung des Unternehmens.<\/p>\n<p>RobotGreen s\u2019est tr\u00e8s vite positionn\u00e9 comme leader dans son domaine d\u2019activit\u00e9 et compte \u00e0 ce jour plus de 1000 installations de tondeuses \u00e0 gazon automatiques dans la r\u00e9gion de Fribourg. Nous nous effor\u00e7ons d\u2019\u00eatre une entreprise dynamique et comp\u00e9titive afin de toujours r\u00e9pondre aux derni\u00e8res \u00e9volutions technologiques ainsi qu\u2019 \u00e0 vos souhaits.<\/p>","protected":false},"excerpt":{"rendered":"<p>RobotGreen est une entreprise sp\u00e9cialis\u00e9e dans le domaine des machines de jardin de nouvelle g\u00e9n\u00e9ration. L\u2019exp\u00e9rience acquise pendant plus de 10 ans par son fondateur Pascal Rey dans le secteur des machines de jardin a men\u00e9 \u00e0 la cr\u00e9ation de la soci\u00e9t\u00e9 en 2008. RobotGreen s\u2019est tr\u00e8s vite positionn\u00e9 comme leader dans son domaine d\u2019activit\u00e9 [&hellip;]<\/p>\n","protected":false},"author":1,"featured_media":253,"parent":0,"menu_order":0,"comment_status":"closed","ping_status":"closed","template":"","meta":{"_acf_changed":false,"footnotes":""},"class_list":["post-18","page","type-page","status-publish","has-post-thumbnail","hentry"],"acf":[],"yoast_head":"<!-- This site is optimized with the Yoast SEO plugin v27.3 - https:\/\/yoast.com\/product\/yoast-seo-wordpress\/ -->\n<title>RobotGreen | Sp\u00e9cialiste Robot tondeuse automatique Automover \u00e0 Fribourg<\/title>\n<meta name=\"description\" content=\"RobotGreen, votre expert en robots tondeuses Automower \u00e0 Fribourg : Installation, entretien et service.\" \/>\n<meta name=\"robots\" content=\"index, follow, max-snippet:-1, max-image-preview:large, max-video-preview:-1\" \/>\n<link rel=\"canonical\" href=\"https:\/\/robotgreen.ch\/de_DE\/\" \/>\n<meta property=\"og:locale\" content=\"de_DE\" \/>\n<meta property=\"og:type\" content=\"article\" \/>\n<meta property=\"og:title\" content=\"RobotGreen | Sp\u00e9cialiste Robot tondeuse automatique Automover \u00e0 Fribourg\" \/>\n<meta property=\"og:description\" content=\"RobotGreen, votre expert en robots tondeuses Automower \u00e0 Fribourg : Installation, entretien et service.\" \/>\n<meta property=\"og:url\" content=\"https:\/\/robotgreen.ch\/de_DE\/\" \/>\n<meta property=\"og:site_name\" content=\"RobotGreen\" \/>\n<meta property=\"article:modified_time\" content=\"2026-03-25T07:58:18+00:00\" \/>\n<meta property=\"og:image\" content=\"https:\/\/robotgreen.ch\/wp-content\/uploads\/2021\/11\/VM-961265-scaled.jpg\" \/>\n\t<meta property=\"og:image:width\" content=\"2560\" \/>\n\t<meta property=\"og:image:height\" content=\"1920\" \/>\n\t<meta property=\"og:image:type\" content=\"image\/jpeg\" \/>\n<meta name=\"twitter:card\" content=\"summary_large_image\" \/>\n<meta name=\"twitter:label1\" content=\"Gesch\u00e4tzte Lesezeit\" \/>\n\t<meta name=\"twitter:data1\" content=\"1\u00a0Minute\" \/>\n<script type=\"application\/ld+json\" class=\"yoast-schema-graph\">{\"@context\":\"https:\\\/\\\/schema.org\",\"@graph\":[{\"@type\":\"WebPage\",\"@id\":\"https:\\\/\\\/robotgreen.ch\\\/\",\"url\":\"https:\\\/\\\/robotgreen.ch\\\/\",\"name\":\"RobotGreen | Sp\u00e9cialiste Robot tondeuse automatique Automover \u00e0 Fribourg\",\"isPartOf\":{\"@id\":\"https:\\\/\\\/robotgreen.ch\\\/#website\"},\"primaryImageOfPage\":{\"@id\":\"https:\\\/\\\/robotgreen.ch\\\/#primaryimage\"},\"image\":{\"@id\":\"https:\\\/\\\/robotgreen.ch\\\/#primaryimage\"},\"thumbnailUrl\":\"https:\\\/\\\/robotgreen.ch\\\/wp-content\\\/uploads\\\/2021\\\/11\\\/VM-961265-scaled.jpg\",\"datePublished\":\"2018-02-22T14:50:28+00:00\",\"dateModified\":\"2026-03-25T07:58:18+00:00\",\"description\":\"RobotGreen, votre expert en robots tondeuses Automower \u00e0 Fribourg : Installation, entretien et service.\",\"breadcrumb\":{\"@id\":\"https:\\\/\\\/robotgreen.ch\\\/#breadcrumb\"},\"inLanguage\":\"de\",\"potentialAction\":[{\"@type\":\"ReadAction\",\"target\":[\"https:\\\/\\\/robotgreen.ch\\\/\"]}]},{\"@type\":\"ImageObject\",\"inLanguage\":\"de\",\"@id\":\"https:\\\/\\\/robotgreen.ch\\\/#primaryimage\",\"url\":\"https:\\\/\\\/robotgreen.ch\\\/wp-content\\\/uploads\\\/2021\\\/11\\\/VM-961265-scaled.jpg\",\"contentUrl\":\"https:\\\/\\\/robotgreen.ch\\\/wp-content\\\/uploads\\\/2021\\\/11\\\/VM-961265-scaled.jpg\",\"width\":2560,\"height\":1920},{\"@type\":\"BreadcrumbList\",\"@id\":\"https:\\\/\\\/robotgreen.ch\\\/#breadcrumb\",\"itemListElement\":[{\"@type\":\"ListItem\",\"position\":1,\"name\":\"Home\",\"item\":\"https:\\\/\\\/robotgreen.ch\\\/\"},{\"@type\":\"ListItem\",\"position\":2,\"name\":\"Accueil\"}]},{\"@type\":\"WebSite\",\"@id\":\"https:\\\/\\\/robotgreen.ch\\\/#website\",\"url\":\"https:\\\/\\\/robotgreen.ch\\\/\",\"name\":\"RobotGreen\",\"description\":\"\",\"potentialAction\":[{\"@type\":\"SearchAction\",\"target\":{\"@type\":\"EntryPoint\",\"urlTemplate\":\"https:\\\/\\\/robotgreen.ch\\\/?s={search_term_string}\"},\"query-input\":{\"@type\":\"PropertyValueSpecification\",\"valueRequired\":true,\"valueName\":\"search_term_string\"}}],\"inLanguage\":\"de\"}]}<\/script>\n<!-- \/ Yoast SEO plugin. -->","yoast_head_json":{"title":"RobotGreen | Sp\u00e9cialiste Robot tondeuse automatique Automover \u00e0 Fribourg","description":"RobotGreen, votre expert en robots tondeuses Automower \u00e0 Fribourg : Installation, entretien et service.","robots":{"index":"index","follow":"follow","max-snippet":"max-snippet:-1","max-image-preview":"max-image-preview:large","max-video-preview":"max-video-preview:-1"},"canonical":"https:\/\/robotgreen.ch\/de_DE\/","og_locale":"de_DE","og_type":"article","og_title":"RobotGreen | Sp\u00e9cialiste Robot tondeuse automatique Automover \u00e0 Fribourg","og_description":"RobotGreen, votre expert en robots tondeuses Automower \u00e0 Fribourg : Installation, entretien et service.","og_url":"https:\/\/robotgreen.ch\/de_DE\/","og_site_name":"RobotGreen","article_modified_time":"2026-03-25T07:58:18+00:00","og_image":[{"width":2560,"height":1920,"url":"https:\/\/robotgreen.ch\/wp-content\/uploads\/2021\/11\/VM-961265-scaled.jpg","type":"image\/jpeg"}],"twitter_card":"summary_large_image","twitter_misc":{"Gesch\u00e4tzte Lesezeit":"1\u00a0Minute"},"schema":{"@context":"https:\/\/schema.org","@graph":[{"@type":"WebPage","@id":"https:\/\/robotgreen.ch\/","url":"https:\/\/robotgreen.ch\/","name":"RobotGreen | Sp\u00e9cialiste Robot tondeuse automatique Automover \u00e0 Fribourg","isPartOf":{"@id":"https:\/\/robotgreen.ch\/#website"},"primaryImageOfPage":{"@id":"https:\/\/robotgreen.ch\/#primaryimage"},"image":{"@id":"https:\/\/robotgreen.ch\/#primaryimage"},"thumbnailUrl":"https:\/\/robotgreen.ch\/wp-content\/uploads\/2021\/11\/VM-961265-scaled.jpg","datePublished":"2018-02-22T14:50:28+00:00","dateModified":"2026-03-25T07:58:18+00:00","description":"RobotGreen, votre expert en robots tondeuses Automower \u00e0 Fribourg : Installation, entretien et service.","breadcrumb":{"@id":"https:\/\/robotgreen.ch\/#breadcrumb"},"inLanguage":"de","potentialAction":[{"@type":"ReadAction","target":["https:\/\/robotgreen.ch\/"]}]},{"@type":"ImageObject","inLanguage":"de","@id":"https:\/\/robotgreen.ch\/#primaryimage","url":"https:\/\/robotgreen.ch\/wp-content\/uploads\/2021\/11\/VM-961265-scaled.jpg","contentUrl":"https:\/\/robotgreen.ch\/wp-content\/uploads\/2021\/11\/VM-961265-scaled.jpg","width":2560,"height":1920},{"@type":"BreadcrumbList","@id":"https:\/\/robotgreen.ch\/#breadcrumb","itemListElement":[{"@type":"ListItem","position":1,"name":"Home","item":"https:\/\/robotgreen.ch\/"},{"@type":"ListItem","position":2,"name":"Accueil"}]},{"@type":"WebSite","@id":"https:\/\/robotgreen.ch\/#website","url":"https:\/\/robotgreen.ch\/","name":"RobotGreen","description":"","potentialAction":[{"@type":"SearchAction","target":{"@type":"EntryPoint","urlTemplate":"https:\/\/robotgreen.ch\/?s={search_term_string}"},"query-input":{"@type":"PropertyValueSpecification","valueRequired":true,"valueName":"search_term_string"}}],"inLanguage":"de"}]}},"_links":{"self":[{"href":"https:\/\/robotgreen.ch\/de_DE\/wp-json\/wp\/v2\/pages\/18","targetHints":{"allow":["GET"]}}],"collection":[{"href":"https:\/\/robotgreen.ch\/de_DE\/wp-json\/wp\/v2\/pages"}],"about":[{"href":"https:\/\/robotgreen.ch\/de_DE\/wp-json\/wp\/v2\/types\/page"}],"author":[{"embeddable":true,"href":"https:\/\/robotgreen.ch\/de_DE\/wp-json\/wp\/v2\/users\/1"}],"replies":[{"embeddable":true,"href":"https:\/\/robotgreen.ch\/de_DE\/wp-json\/wp\/v2\/comments?post=18"}],"version-history":[{"count":114,"href":"https:\/\/robotgreen.ch\/de_DE\/wp-json\/wp\/v2\/pages\/18\/revisions"}],"predecessor-version":[{"id":800,"href":"https:\/\/robotgreen.ch\/de_DE\/wp-json\/wp\/v2\/pages\/18\/revisions\/800"}],"wp:featuredmedia":[{"embeddable":true,"href":"https:\/\/robotgreen.ch\/de_DE\/wp-json\/wp\/v2\/media\/253"}],"wp:attachment":[{"href":"https:\/\/robotgreen.ch\/de_DE\/wp-json\/wp\/v2\/media?parent=18"}],"curies":[{"name":"wp","href":"https:\/\/api.w.org\/{rel}","templated":true}]}}