{"id":122,"date":"2018-03-29T13:48:41","date_gmt":"2018-03-29T11:48:41","guid":{"rendered":"https:\/\/robotgreen.ch\/?page_id=122"},"modified":"2025-07-22T14:03:46","modified_gmt":"2025-07-22T12:03:46","slug":"machines-a-accu","status":"publish","type":"page","link":"https:\/\/robotgreen.ch\/de_DE\/machines-a-accu\/","title":{"rendered":"Akku-Maschinen"},"content":{"rendered":"","protected":false},"excerpt":{"rendered":"","protected":false},"author":3,"featured_media":567,"parent":0,"menu_order":0,"comment_status":"closed","ping_status":"closed","template":"","meta":{"_acf_changed":false,"footnotes":""},"class_list":["post-122","page","type-page","status-publish","has-post-thumbnail","hentry"],"acf":[],"yoast_head":"<!-- This site is optimized with the Yoast SEO plugin v27.3 - https:\/\/yoast.com\/product\/yoast-seo-wordpress\/ -->\n<title>Machines \u00e0 accu professionnelles | RobotGreen Pellenc<\/title>\n<meta name=\"description\" content=\"D\u00e9couvrez les outils \u00e0 batterie Pellenc : puissants, silencieux et durables. Id\u00e9als pour les pros de l\u2019entretien d\u2019espaces verts et les collectivit\u00e9s.\" \/>\n<meta name=\"robots\" content=\"index, follow, max-snippet:-1, max-image-preview:large, max-video-preview:-1\" \/>\n<link rel=\"canonical\" href=\"https:\/\/robotgreen.ch\/de_DE\/machines-a-accu\/\" \/>\n<meta property=\"og:locale\" content=\"de_DE\" \/>\n<meta property=\"og:type\" content=\"article\" \/>\n<meta property=\"og:title\" content=\"Machines \u00e0 accu professionnelles | RobotGreen Pellenc\" \/>\n<meta property=\"og:description\" content=\"D\u00e9couvrez les outils \u00e0 batterie Pellenc : puissants, silencieux et durables. Id\u00e9als pour les pros de l\u2019entretien d\u2019espaces verts et les collectivit\u00e9s.\" \/>\n<meta property=\"og:url\" content=\"https:\/\/robotgreen.ch\/de_DE\/machines-a-accu\/\" \/>\n<meta property=\"og:site_name\" content=\"RobotGreen\" \/>\n<meta property=\"article:modified_time\" content=\"2025-07-22T12:03:46+00:00\" \/>\n<meta property=\"og:image\" content=\"https:\/\/robotgreen.ch\/wp-content\/uploads\/2023\/11\/helion-helion-alpha-tableau-gamme-rec-pellenc-scaled-e1699008527383.jpg\" \/>\n\t<meta property=\"og:image:width\" content=\"2457\" \/>\n\t<meta property=\"og:image:height\" content=\"1642\" \/>\n\t<meta property=\"og:image:type\" content=\"image\/jpeg\" \/>\n<meta name=\"twitter:card\" content=\"summary_large_image\" \/>\n<meta name=\"twitter:label1\" content=\"Gesch\u00e4tzte Lesezeit\" \/>\n\t<meta name=\"twitter:data1\" content=\"1\u00a0Minute\" \/>\n<script type=\"application\/ld+json\" class=\"yoast-schema-graph\">{\"@context\":\"https:\\\/\\\/schema.org\",\"@graph\":[{\"@type\":\"WebPage\",\"@id\":\"https:\\\/\\\/robotgreen.ch\\\/machines-a-accu\\\/\",\"url\":\"https:\\\/\\\/robotgreen.ch\\\/machines-a-accu\\\/\",\"name\":\"Machines \u00e0 accu professionnelles | RobotGreen Pellenc\",\"isPartOf\":{\"@id\":\"https:\\\/\\\/robotgreen.ch\\\/#website\"},\"primaryImageOfPage\":{\"@id\":\"https:\\\/\\\/robotgreen.ch\\\/machines-a-accu\\\/#primaryimage\"},\"image\":{\"@id\":\"https:\\\/\\\/robotgreen.ch\\\/machines-a-accu\\\/#primaryimage\"},\"thumbnailUrl\":\"https:\\\/\\\/robotgreen.ch\\\/wp-content\\\/uploads\\\/2023\\\/11\\\/helion-helion-alpha-tableau-gamme-rec-pellenc-scaled-e1699008527383.jpg\",\"datePublished\":\"2018-03-29T11:48:41+00:00\",\"dateModified\":\"2025-07-22T12:03:46+00:00\",\"description\":\"D\u00e9couvrez les outils \u00e0 batterie Pellenc : puissants, silencieux et durables. Id\u00e9als pour les pros de l\u2019entretien d\u2019espaces verts et les collectivit\u00e9s.\",\"breadcrumb\":{\"@id\":\"https:\\\/\\\/robotgreen.ch\\\/machines-a-accu\\\/#breadcrumb\"},\"inLanguage\":\"de\",\"potentialAction\":[{\"@type\":\"ReadAction\",\"target\":[\"https:\\\/\\\/robotgreen.ch\\\/machines-a-accu\\\/\"]}]},{\"@type\":\"ImageObject\",\"inLanguage\":\"de\",\"@id\":\"https:\\\/\\\/robotgreen.ch\\\/machines-a-accu\\\/#primaryimage\",\"url\":\"https:\\\/\\\/robotgreen.ch\\\/wp-content\\\/uploads\\\/2023\\\/11\\\/helion-helion-alpha-tableau-gamme-rec-pellenc-scaled-e1699008527383.jpg\",\"contentUrl\":\"https:\\\/\\\/robotgreen.ch\\\/wp-content\\\/uploads\\\/2023\\\/11\\\/helion-helion-alpha-tableau-gamme-rec-pellenc-scaled-e1699008527383.jpg\",\"width\":2457,\"height\":1642},{\"@type\":\"BreadcrumbList\",\"@id\":\"https:\\\/\\\/robotgreen.ch\\\/machines-a-accu\\\/#breadcrumb\",\"itemListElement\":[{\"@type\":\"ListItem\",\"position\":1,\"name\":\"Home\",\"item\":\"https:\\\/\\\/robotgreen.ch\\\/\"},{\"@type\":\"ListItem\",\"position\":2,\"name\":\"Machines \u00e0 accu\"}]},{\"@type\":\"WebSite\",\"@id\":\"https:\\\/\\\/robotgreen.ch\\\/#website\",\"url\":\"https:\\\/\\\/robotgreen.ch\\\/\",\"name\":\"RobotGreen\",\"description\":\"\",\"potentialAction\":[{\"@type\":\"SearchAction\",\"target\":{\"@type\":\"EntryPoint\",\"urlTemplate\":\"https:\\\/\\\/robotgreen.ch\\\/?s={search_term_string}\"},\"query-input\":{\"@type\":\"PropertyValueSpecification\",\"valueRequired\":true,\"valueName\":\"search_term_string\"}}],\"inLanguage\":\"de\"}]}<\/script>\n<!-- \/ Yoast SEO plugin. -->","yoast_head_json":{"title":"Machines \u00e0 accu professionnelles | RobotGreen Pellenc","description":"D\u00e9couvrez les outils \u00e0 batterie Pellenc : puissants, silencieux et durables. Id\u00e9als pour les pros de l\u2019entretien d\u2019espaces verts et les collectivit\u00e9s.","robots":{"index":"index","follow":"follow","max-snippet":"max-snippet:-1","max-image-preview":"max-image-preview:large","max-video-preview":"max-video-preview:-1"},"canonical":"https:\/\/robotgreen.ch\/de_DE\/machines-a-accu\/","og_locale":"de_DE","og_type":"article","og_title":"Machines \u00e0 accu professionnelles | RobotGreen Pellenc","og_description":"D\u00e9couvrez les outils \u00e0 batterie Pellenc : puissants, silencieux et durables. Id\u00e9als pour les pros de l\u2019entretien d\u2019espaces verts et les collectivit\u00e9s.","og_url":"https:\/\/robotgreen.ch\/de_DE\/machines-a-accu\/","og_site_name":"RobotGreen","article_modified_time":"2025-07-22T12:03:46+00:00","og_image":[{"width":2457,"height":1642,"url":"https:\/\/robotgreen.ch\/wp-content\/uploads\/2023\/11\/helion-helion-alpha-tableau-gamme-rec-pellenc-scaled-e1699008527383.jpg","type":"image\/jpeg"}],"twitter_card":"summary_large_image","twitter_misc":{"Gesch\u00e4tzte Lesezeit":"1\u00a0Minute"},"schema":{"@context":"https:\/\/schema.org","@graph":[{"@type":"WebPage","@id":"https:\/\/robotgreen.ch\/machines-a-accu\/","url":"https:\/\/robotgreen.ch\/machines-a-accu\/","name":"Machines \u00e0 accu professionnelles | RobotGreen Pellenc","isPartOf":{"@id":"https:\/\/robotgreen.ch\/#website"},"primaryImageOfPage":{"@id":"https:\/\/robotgreen.ch\/machines-a-accu\/#primaryimage"},"image":{"@id":"https:\/\/robotgreen.ch\/machines-a-accu\/#primaryimage"},"thumbnailUrl":"https:\/\/robotgreen.ch\/wp-content\/uploads\/2023\/11\/helion-helion-alpha-tableau-gamme-rec-pellenc-scaled-e1699008527383.jpg","datePublished":"2018-03-29T11:48:41+00:00","dateModified":"2025-07-22T12:03:46+00:00","description":"D\u00e9couvrez les outils \u00e0 batterie Pellenc : puissants, silencieux et durables. Id\u00e9als pour les pros de l\u2019entretien d\u2019espaces verts et les collectivit\u00e9s.","breadcrumb":{"@id":"https:\/\/robotgreen.ch\/machines-a-accu\/#breadcrumb"},"inLanguage":"de","potentialAction":[{"@type":"ReadAction","target":["https:\/\/robotgreen.ch\/machines-a-accu\/"]}]},{"@type":"ImageObject","inLanguage":"de","@id":"https:\/\/robotgreen.ch\/machines-a-accu\/#primaryimage","url":"https:\/\/robotgreen.ch\/wp-content\/uploads\/2023\/11\/helion-helion-alpha-tableau-gamme-rec-pellenc-scaled-e1699008527383.jpg","contentUrl":"https:\/\/robotgreen.ch\/wp-content\/uploads\/2023\/11\/helion-helion-alpha-tableau-gamme-rec-pellenc-scaled-e1699008527383.jpg","width":2457,"height":1642},{"@type":"BreadcrumbList","@id":"https:\/\/robotgreen.ch\/machines-a-accu\/#breadcrumb","itemListElement":[{"@type":"ListItem","position":1,"name":"Home","item":"https:\/\/robotgreen.ch\/"},{"@type":"ListItem","position":2,"name":"Machines \u00e0 accu"}]},{"@type":"WebSite","@id":"https:\/\/robotgreen.ch\/#website","url":"https:\/\/robotgreen.ch\/","name":"RobotGreen","description":"","potentialAction":[{"@type":"SearchAction","target":{"@type":"EntryPoint","urlTemplate":"https:\/\/robotgreen.ch\/?s={search_term_string}"},"query-input":{"@type":"PropertyValueSpecification","valueRequired":true,"valueName":"search_term_string"}}],"inLanguage":"de"}]}},"_links":{"self":[{"href":"https:\/\/robotgreen.ch\/de_DE\/wp-json\/wp\/v2\/pages\/122","targetHints":{"allow":["GET"]}}],"collection":[{"href":"https:\/\/robotgreen.ch\/de_DE\/wp-json\/wp\/v2\/pages"}],"about":[{"href":"https:\/\/robotgreen.ch\/de_DE\/wp-json\/wp\/v2\/types\/page"}],"author":[{"embeddable":true,"href":"https:\/\/robotgreen.ch\/de_DE\/wp-json\/wp\/v2\/users\/3"}],"replies":[{"embeddable":true,"href":"https:\/\/robotgreen.ch\/de_DE\/wp-json\/wp\/v2\/comments?post=122"}],"version-history":[{"count":34,"href":"https:\/\/robotgreen.ch\/de_DE\/wp-json\/wp\/v2\/pages\/122\/revisions"}],"predecessor-version":[{"id":678,"href":"https:\/\/robotgreen.ch\/de_DE\/wp-json\/wp\/v2\/pages\/122\/revisions\/678"}],"wp:featuredmedia":[{"embeddable":true,"href":"https:\/\/robotgreen.ch\/de_DE\/wp-json\/wp\/v2\/media\/567"}],"wp:attachment":[{"href":"https:\/\/robotgreen.ch\/de_DE\/wp-json\/wp\/v2\/media?parent=122"}],"curies":[{"name":"wp","href":"https:\/\/api.w.org\/{rel}","templated":true}]}}